{"id":23061,"date":"2018-06-21T00:00:00","date_gmt":"2018-06-21T00:00:00","guid":{"rendered":"https:\/\/funerariaanoia.cat\/politica-de-cookies-2\/"},"modified":"2019-09-23T08:24:47","modified_gmt":"2019-09-23T08:24:47","slug":"politica-de-cookies","status":"publish","type":"page","link":"https:\/\/funerariaanoia.cat\/es\/politica-de-cookies\/","title":{"rendered":"Pol\u00edtica de Cookies"},"content":{"rendered":"<h2>Informaci\u00f3n sobre cookies<\/h2>\n<p>Debido a la entrada en vigor de la modificaci\u00f3n de la \u00abLey de Servicios de la Sociedad de la Informaci\u00f3n\u00bb (LSSICE) establecida por el Real Decreto 13\/2012, es de obligaci\u00f3n obtener el consentimiento expreso del usuario de todas las p\u00e1ginas Web que usan cookies prescindibles, antes de que \u00e9ste navegue por ellas.<\/p>\n<h2>\u00bfQu\u00e9 son las cookies?<\/h2>\n<p>Las cookies y otras tecnolog\u00edas similares tales como local shared objects, flash cookies o p\u00edxeles, son herramientas empleadas por los servidores Web para almacenar y recuperar informaci\u00f3n acerca de sus visitantes, as\u00ed como para ofrecer un correcto funcionamiento del sitio.<\/p>\n<p>Mediante el uso de estos dispositivos se permite al servidor Web recordar algunos datos concernientes al usuario, como sus preferencias para la visualizaci\u00f3n de las p\u00e1ginas de ese servidor, nombre y contrase\u00f1a, productos que m\u00e1s le interesan, etc.<\/p>\n<h2>Cookies aceptadas por la normativa y cookies exceptuadas<\/h2>\n<p>Seg\u00fan la directiva de la UE, las cookies que requieren el consentimiento informado por parte del usuario son las cookies de anal\u00edtica y las de publicidad y afiliaci\u00f3n, quedando exceptuadas las de car\u00e1cter t\u00e9cnico y las necesarias para el funcionamiento del sitio web o la prestaci\u00f3n de servicios expresamente solicitados por el usuario.<\/p>\n<h2>Informaci\u00f3n acerca de las cookies utilizadas<\/h2>\n<p>Le informamos que en este sitio Web se utilizan cookies con la finalidad de ejecutar las comunicaciones electr\u00f3nicas propias de la navegaci\u00f3n, as\u00ed como con la finalidad de prestar o habilitar los servicios o funcionalidades por Usted solicitados. Estas cookies:<\/p>\n<ul>\n<li>Recuerdan la preferencia de idioma se\u00f1alada.<\/li>\n<li>Aumentan la seguridad de la navegaci\u00f3n en nuestro sitio web.<\/li>\n<li>Permiten que la navegaci\u00f3n se realice m\u00e1s f\u00e1cilmente.<\/li>\n<li>Posibilitan la reproducci\u00f3n de contenidos multimedia.<\/li>\n<\/ul>\n<p>Este sitio Web tambi\u00e9n utiliza cookies propias, destinadas a recopilar informaci\u00f3n sobre la navegaci\u00f3n de los usuarios en el sitio, de forma totalmente an\u00f3nima y disociada, con finalidades estrictamente estad\u00edsticas y de mejora de su funcionalidad, cuyo uso nos permite:<\/p>\n<ul>\n<li>Conocer el n\u00famero de visitantes del portal de \u00bb FUNERARIA ANOIA SL\u00bb.<\/li>\n<li>Contabilizar el n\u00famero de visitas en cada una de las diferentes p\u00e1ginas de este portal.<\/li>\n<li>Conocer la actividad en el portal para la identificaci\u00f3n de problemas y mejoras en la navegaci\u00f3n.<\/li>\n<\/ul>\n<p>Usted puede desactivar el uso de cookies en cualquier momento mediante la modificaci\u00f3n de los par\u00e1metros de configuraci\u00f3n de su navegador:<\/p>\n<p>Para la configuraci\u00f3n de cookies de <a href=\"https:\/\/support.microsoft.com\/en-us\/help\/17442\/windows-internet-explorer-delete-manage-cookies\" target=\"_blank\" rel=\"noopener noreferrer\">Internet Explorer<\/a><br \/>\nPara la configuraci\u00f3n de cookies de <a href=\"https:\/\/support.mozilla.org\/es\/kb\/habilitar-y-deshabilitar-cookies-sitios-web-rastrear-preferencias?redirectlocale=es&amp;redirectslug=habilitar-y-deshabilitar-cookies-que-los-sitios-we\" target=\"_blank\" rel=\"noopener noreferrer\">Firefox<\/a><br \/>\nPara la configuraci\u00f3n de cookies de <a href=\"https:\/\/support.google.com\/chrome\/answer\/95647?co=GENIE.Platform%3DDesktop&amp;hl=es-419\" target=\"_blank\" rel=\"noopener noreferrer\">Google Chrome<\/a><br \/>\nPara la configuraci\u00f3n de cookies de <a href=\"https:\/\/support.apple.com\/kb\/ph21411?locale=es_ES\" target=\"_blank\" rel=\"noopener noreferrer\">Safari<\/a><\/p>\n","protected":false},"excerpt":{"rendered":"<p>Informaci\u00f3n sobre cookies Debido a la entrada en vigor de la modificaci\u00f3n de la \u00abLey de Servicios de la Sociedad de la Informaci\u00f3n\u00bb (LSSICE) establecida por el Real Decreto 13\/2012, es de obligaci\u00f3n obtener el consentimiento expreso del usuario de todas las p\u00e1ginas Web que usan cookies prescindibles, antes de que \u00e9ste navegue por ellas. [&hellip;]<\/p>\n","protected":false},"author":1,"featured_media":0,"parent":0,"menu_order":0,"comment_status":"closed","ping_status":"closed","template":"page-templates\/politiques.php","meta":{"inline_featured_image":false,"footnotes":""},"class_list":["post-23061","page","type-page","status-publish","hentry"],"_links":{"self":[{"href":"https:\/\/funerariaanoia.cat\/es\/wp-json\/wp\/v2\/pages\/23061","targetHints":{"allow":["GET"]}}],"collection":[{"href":"https:\/\/funerariaanoia.cat\/es\/wp-json\/wp\/v2\/pages"}],"about":[{"href":"https:\/\/funerariaanoia.cat\/es\/wp-json\/wp\/v2\/types\/page"}],"author":[{"embeddable":true,"href":"https:\/\/funerariaanoia.cat\/es\/wp-json\/wp\/v2\/users\/1"}],"replies":[{"embeddable":true,"href":"https:\/\/funerariaanoia.cat\/es\/wp-json\/wp\/v2\/comments?post=23061"}],"version-history":[{"count":0,"href":"https:\/\/funerariaanoia.cat\/es\/wp-json\/wp\/v2\/pages\/23061\/revisions"}],"wp:attachment":[{"href":"https:\/\/funerariaanoia.cat\/es\/wp-json\/wp\/v2\/media?parent=23061"}],"curies":[{"name":"wp","href":"https:\/\/api.w.org\/{rel}","templated":true}]}}