{"id":23130,"date":"2019-09-23T07:43:40","date_gmt":"2019-09-23T07:43:40","guid":{"rendered":"https:\/\/funerariaanoia.cat\/?page_id=23130"},"modified":"2019-09-23T07:43:41","modified_gmt":"2019-09-23T07:43:41","slug":"terminos-y-condiciones","status":"publish","type":"page","link":"https:\/\/funerariaanoia.cat\/es\/terminos-y-condiciones\/","title":{"rendered":"T\u00e9rminos y condiciones"},"content":{"rendered":"<p>OBJETO<br>Funeraria Anoia, S.L. responsable del sitio web, pone a disposici\u00f3n de los usuarios el presente documento, con el que pretende dar cumplimiento a las obligaciones dispuestas en la Ley 34\/2002, de Servicios de la Sociedad de la Informaci\u00f3n y del Comercio Electr\u00f3nico (LSSI-CE), as\u00ed como informar a todos los usuarios del sitio web, respecto a cu\u00e1les son las condiciones de uso del sitio.<\/p><p>Toda persona que acceda a este sitio web y utilice sus servicios, o facilite sus datos, asume el papel de usuario, comprometi\u00e9ndose a la observancia y cumplimiento riguroso de las disposiciones aqu\u00ed contenidas, as\u00ed como a cualesquiera otra disposici\u00f3n legal que fuera de aplicaci\u00f3n.<\/p><p>El presente contrato tiene por objeto regular la prestaci\u00f3n de los servicios ofrecidos a trav\u00e9s del presente sitio web, y concretamente, la venta de Ofrendas florales.<\/p><p>A continuaci\u00f3n se expone el documento contractual que regir\u00e1 la prestaci\u00f3n de nuestros servicios y venta de productos, a trav\u00e9s del sitio web: www.funerariaanoia.cat propiedad de Funeraria Anoia, S.L. (en adelante el prestador). La aceptaci\u00f3n del presente documento conlleva que el usuario:<br>&#8211; Ha le\u00eddo, entiende y comprende lo aqu\u00ed expuesto.<br>&#8211; Que es una persona con capacidad suficiente para contratar.<br>&#8211; Que asume, y acepta, todas las obligaciones aqu\u00ed dispuestas.<\/p><p>Las presentes condiciones tendr\u00e1n un periodo de validez indefinido y ser\u00e1n aplicables a todas las contrataciones realizadas a trav\u00e9s del sitio web del prestador, hasta la publicaci\u00f3n de una nueva versi\u00f3n.<\/p><p>IDENTIDAD DE LAS PARTES<br>Por una parte, el prestador, identificado m\u00e1s arriba y de otra, el usuario del sitio web y que ser\u00e1 responsable de la veracidad de los datos personales facilitados al prestador.<\/p><p>PROCEDIMIENTO DE CONTRATACI\u00d3N<br>El procedimiento de contrataci\u00f3n podr\u00e1 ser realizado en idioma catal\u00e1n y castellano. En caso de que pudiera llevarse a cabo en otro idioma, ser\u00e1 indicado antes de iniciar el procedimiento de contrataci\u00f3n.<\/p><p>El usuario, para poder acceder a los servicios ofrecidos por el prestador, deber\u00e1 introducir sus datos a trav\u00e9s del sitio web para efectuar un encargo concreto. Para ello, el usuario deber\u00e1 proporcionar de manera libre y voluntaria los datos personales que le ser\u00e1n requeridos.<\/p><p>Durante el proceso de contrataci\u00f3n se ir\u00e1 informando de los diferentes pasos a seguir y se podr\u00e1n modificar los datos introducidos, si fuera necesario. Los diferentes pasos a seguir en el proceso de compra son los siguientes:<br>&#8211; Elecci\u00f3n de producto, selecci\u00f3n de ceremonia e introducci\u00f3n de datos opcionales.<br>&#8211; Introducci\u00f3n datos personales y direcci\u00f3n de facturaci\u00f3n. Aceptaci\u00f3n Aviso legal \/ terminos y condiciones.<br>&#8211; Indicaci\u00f3n del m\u00e9todo de pago<br>&#8211; Conformaci\u00f3n del pedido, compra. Aceptaci\u00f3n de las condiciones generales.<br>&#8211; Pago.<br>&#8211; Env\u00edo de email de confirmaci\u00f3n de compra.<\/p><p>En todo caso, el usuario ser\u00e1 informado una vez finalizado el procedimiento de contrataci\u00f3n, a trav\u00e9s de la plataforma de contrataci\u00f3n del prestador, y mediante el env\u00edo del anteriormente indicado correo electr\u00f3nico de confirmaci\u00f3n de la compra realizada.<\/p><p>El prestador no archivar\u00e1 el documento electr\u00f3nico, le recomendamos que guarde imprima el mensaje de confirmaci\u00f3n de pedido, y el email que se le va a enviar dentro de las siguientes 24h.<br>El producto contratado ser\u00e1 utilizado para adornar la ceremonia elegida por el usuario, el env\u00edo del producto no est\u00e1 contemplado en ning\u00fan caso.<\/p><p>MODOS DE PAGO<br>El pago de los servicios podr\u00e1 realizarse por los siguientes canales:<br>&#8211; Pay Pal<\/p><p>PRECIOS<br>Los precios que se indican, respecto a cada uno de los servicios ofrecidos en el sitio, incluyen el Impuesto sobre el Valor A\u00f1adido (IVA) y se entender\u00e1n en Euros (\u20ac).<br>La factura se entregar\u00e1 juntamente al pedido realizado.<br>En caso de pactarse servicios distintos a los anteriormente indicados, podr\u00e1n establecerse precios distintos.<\/p><p>ENV\u00cdO<br>El env\u00edo del producto no est\u00e1 contemplado, el producto se utilizar\u00e1 \u00fanicamente durante la ceremonia indicada por el usuario.<\/p><p>OBLIGACIONES DEL USUARIO<br>Para la contrataci\u00f3n de servicios ofrecidos a trav\u00e9s del presente portal web se solicitan una serie de datos al usuario. La finalidad de la mencionada petici\u00f3n, es hacer posible esta contrataci\u00f3n y ejecutar el servicio contratado en las debidas condiciones. Al respecto el usuario se compromete a que los datos solicitados y declarados, sean verdaderos, completos y precisos, y se compromete, asimismo, a notificar al prestador, cualquier cambio que afecte a los mismos lo antes posible, para evitar los problemas que pueden derivar en caso de que el prestador disponga de unos datos incorrectos o desfasados.<\/p><p>INCIDENCIAS<br>En caso que tenga alguna incidencia relacionada con el servicio, ya sea antes o despu\u00e9s de la compra realizada, podr\u00e1 contactar con nosotros a funerariaanoia@funerariaanoia.cat<\/p><p>PROTECCI\u00d3N DE DATOS<br>Conforme a lo establecido en la L.O. 15\/1999 de protecci\u00f3n de datos de car\u00e1cter personal, sus datos pasar\u00e1n a formar parte de un fichero responsabilidad de Funeraria Anoia, S.L. con la finalidad de gestionar todo aquello relacionado con el proceso de compra, a trav\u00e9s de nuestro sitio web. Podr\u00e1 ejercer sus derechos de acceso, rectificaci\u00f3n, cancelaci\u00f3n y oposici\u00f3n remitiendo una solicitud expresa, junto a una copia de su DNI, en Crta Vilanova, 44 08700 de Igualada o a funerariaanoia@funerariaanoia.cat<\/p><p>CL\u00c1USULA DE SALVAGUARDIA<br>La posible invalidez o ineficacia de una o varias cl\u00e1usulas de las presentes condiciones generales, debida a cualquier causa, no determinar\u00e1 la invalidez o la ineficacia de su conjunto, que permanecer\u00e1 vigente y eficaz para todas las dem\u00e1s cl\u00e1usulas.<\/p><p>LEGISLACI\u00d3N Y JURISDICCI\u00d3N<br>La ley aplicable en caso de disputa o conflicto de interpretaci\u00f3n de los t\u00e9rminos que conforman estas Condiciones de Uso, as\u00ed como cualquier cuesti\u00f3n relacionada con los servicios del Portal, ser\u00e1 la ley espa\u00f1ola.<br>Para la resoluci\u00f3n de cualquier controversia que pudiera surgir con ocasi\u00f3n del uso del Portal y sus servicios, las partes acuerdan someterse a la jurisdicci\u00f3n de jueces y tribunales del domicilio del usuario, o el que, en cada caso, establezca la normativa en materia procesal y\/o de consumidores y usuarios.<\/p>","protected":false},"excerpt":{"rendered":"<p>OBJETOFuneraria Anoia, S.L. responsable del sitio web, pone a disposici\u00f3n de los usuarios el presente documento, con el que pretende dar cumplimiento a las obligaciones dispuestas en la Ley 34\/2002, de Servicios de la Sociedad de la Informaci\u00f3n y del Comercio Electr\u00f3nico (LSSI-CE), as\u00ed como informar a todos los usuarios del sitio web, respecto a [&hellip;]<\/p>\n","protected":false},"author":1,"featured_media":0,"parent":0,"menu_order":0,"comment_status":"closed","ping_status":"closed","template":"","meta":{"inline_featured_image":false,"footnotes":""},"class_list":["post-23130","page","type-page","status-publish","hentry"],"_links":{"self":[{"href":"https:\/\/funerariaanoia.cat\/es\/wp-json\/wp\/v2\/pages\/23130","targetHints":{"allow":["GET"]}}],"collection":[{"href":"https:\/\/funerariaanoia.cat\/es\/wp-json\/wp\/v2\/pages"}],"about":[{"href":"https:\/\/funerariaanoia.cat\/es\/wp-json\/wp\/v2\/types\/page"}],"author":[{"embeddable":true,"href":"https:\/\/funerariaanoia.cat\/es\/wp-json\/wp\/v2\/users\/1"}],"replies":[{"embeddable":true,"href":"https:\/\/funerariaanoia.cat\/es\/wp-json\/wp\/v2\/comments?post=23130"}],"version-history":[{"count":0,"href":"https:\/\/funerariaanoia.cat\/es\/wp-json\/wp\/v2\/pages\/23130\/revisions"}],"wp:attachment":[{"href":"https:\/\/funerariaanoia.cat\/es\/wp-json\/wp\/v2\/media?parent=23130"}],"curies":[{"name":"wp","href":"https:\/\/api.w.org\/{rel}","templated":true}]}}