{"id":23137,"date":"2019-09-23T07:44:49","date_gmt":"2019-09-23T07:44:49","guid":{"rendered":"https:\/\/funerariaanoia.cat\/?page_id=23137"},"modified":"2019-09-23T07:44:53","modified_gmt":"2019-09-23T07:44:53","slug":"contacte-con-nosotros","status":"publish","type":"page","link":"https:\/\/funerariaanoia.cat\/es\/contacte-con-nosotros\/","title":{"rendered":"Contacte con nosotros"},"content":{"rendered":"<p>900 11 14 15<\/p>\n<p><strong>Direcci\u00f3n de contacto:<\/strong> <a class=\"fnone\" href=\"mailto:funerariaanoia@funerariaanoia.cat\">funerariaanoia@funerariaanoia.cat<\/a><\/p>\n<p><strong>Notas de p\u00e9same:<\/strong> <a class=\"fnone\" href=\"mailto:notescondol@funerariaanoia.cat\">notescondol@funerariaanoia.cat<\/a><\/p>\n<p>Carretera Vilanova 44<\/p>\n<p>08700 Igualada<\/p>\n<p><strong>Coordenadas GPS:&nbsp;<\/strong> &#8211; lat: 41.573620 &#8211; lng: 1.633141.<\/p>\n<p><strong>Horario velatorios:<\/strong> 9:00h a 21:00h, todos los d\u00edas del a\u00f1o.<\/p>\n<p><strong>Gesti\u00f3n de defunciones y gestiones administrativas:<\/strong> de lunes a domingo de 8:00h a 21:00h, todos los d\u00edas del a\u00f1o.<\/p>\n<p>&nbsp;<\/p>\n<p>&nbsp;<\/p>\n<p><a href=\"http:\/\/www.thanos.org\/\" target=\"_blank\" rel=\"noopener\"><img decoding=\"async\" class=\"alignnone size-full wp-image-631\" src=\"http:\/\/dev.funerariaanoia.cat\/wp-content\/uploads\/2017\/07\/FIAT-IFTA2.png\" alt=\"\" width=\"150\" height=\"150\" title=\"\" srcset=\"https:\/\/funerariaanoia.cat\/wp-content\/uploads\/2017\/07\/FIAT-IFTA2.png 150w, https:\/\/funerariaanoia.cat\/wp-content\/uploads\/2017\/07\/FIAT-IFTA2-100x100.png 100w\" sizes=\"(max-width: 150px) 100vw, 150px\" \/><\/a>&nbsp; &nbsp; &nbsp; &nbsp; &nbsp; <a href=\"http:\/\/www.panasef.com\/\" target=\"_blank\" rel=\"noopener\"><img decoding=\"async\" class=\"alignnone size-full wp-image-639\" src=\"http:\/\/dev.funerariaanoia.cat\/wp-content\/uploads\/2017\/07\/panasef.png\" alt=\"\" width=\"208\" height=\"104\" title=\"\"><\/a>&nbsp; &nbsp; &nbsp; &nbsp; &nbsp;<a href=\"http:\/\/www.funeraries.cat\/\" target=\"_blank\" rel=\"noopener\"><img decoding=\"async\" class=\"alignnone size-medium wp-image-641\" src=\"https:\/\/www.funerariaanoia.cat\/wp-content\/uploads\/2017\/07\/aefc-300x110.jpg\" alt=\"\" width=\"300\" height=\"110\" title=\"\" srcset=\"https:\/\/funerariaanoia.cat\/wp-content\/uploads\/2017\/07\/aefc-300x110.jpg 300w, https:\/\/funerariaanoia.cat\/wp-content\/uploads\/2017\/07\/aefc.jpg 400w\" sizes=\"(max-width: 300px) 100vw, 300px\" \/><\/a><\/p>\n","protected":false},"excerpt":{"rendered":"<p>900 11 14 15 Direcci\u00f3n de contacto: funerariaanoia@funerariaanoia.cat Notas de p\u00e9same: notescondol@funerariaanoia.cat Carretera Vilanova 44 08700 Igualada Coordenadas GPS:&nbsp; &#8211; lat: 41.573620 &#8211; lng: 1.633141. Horario velatorios: 9:00h a 21:00h, todos los d\u00edas del a\u00f1o. Gesti\u00f3n de defunciones y gestiones administrativas: de lunes a domingo de 8:00h a 21:00h, todos los d\u00edas del a\u00f1o. &nbsp; [&hellip;]<\/p>\n","protected":false},"author":1,"featured_media":0,"parent":0,"menu_order":0,"comment_status":"closed","ping_status":"closed","template":"page-templates\/contacte.php","meta":{"inline_featured_image":false,"footnotes":""},"class_list":["post-23137","page","type-page","status-publish","hentry"],"_links":{"self":[{"href":"https:\/\/funerariaanoia.cat\/es\/wp-json\/wp\/v2\/pages\/23137","targetHints":{"allow":["GET"]}}],"collection":[{"href":"https:\/\/funerariaanoia.cat\/es\/wp-json\/wp\/v2\/pages"}],"about":[{"href":"https:\/\/funerariaanoia.cat\/es\/wp-json\/wp\/v2\/types\/page"}],"author":[{"embeddable":true,"href":"https:\/\/funerariaanoia.cat\/es\/wp-json\/wp\/v2\/users\/1"}],"replies":[{"embeddable":true,"href":"https:\/\/funerariaanoia.cat\/es\/wp-json\/wp\/v2\/comments?post=23137"}],"version-history":[{"count":0,"href":"https:\/\/funerariaanoia.cat\/es\/wp-json\/wp\/v2\/pages\/23137\/revisions"}],"wp:attachment":[{"href":"https:\/\/funerariaanoia.cat\/es\/wp-json\/wp\/v2\/media?parent=23137"}],"curies":[{"name":"wp","href":"https:\/\/api.w.org\/{rel}","templated":true}]}}