{"id":23141,"date":"2019-09-23T07:50:50","date_gmt":"2019-09-23T07:50:50","guid":{"rendered":"https:\/\/funerariaanoia.cat\/?page_id=23141"},"modified":"2019-09-23T07:50:52","modified_gmt":"2019-09-23T07:50:52","slug":"proteccion-de-datos","status":"publish","type":"page","link":"https:\/\/funerariaanoia.cat\/es\/proteccion-de-datos\/","title":{"rendered":"Protecci\u00f3n de Datos"},"content":{"rendered":"<h2 class=\"wp-block-heading\">Protecci\u00f3n de datos<\/h2><p><strong>\u00bfQui\u00e9n es el Responsable del tratamiento de sus datos? <\/strong><br><strong>Identidad: <\/strong>FUNERARIA ANOIA SL, CIF: B-08812158.<br><strong>Direcci\u00f3n Postal: <\/strong>AVDA. VILANOVA, 44 08700, IGUALADA.<br><strong>Tel\u00e9fono: <\/strong>900.11.14.15<br><strong>Correo electr\u00f3nico: <\/strong> <a href=\"mailto:funerariaanoia@funerariaanoia.cat\" target=\"_blank\" rel=\"noreferrer noopener\">funerariaanoia@funerariaanoia.cat<\/a><\/p><h2 class=\"wp-block-heading\">Finalidad<\/h2><p><strong>\u00bfcon que finalidad tratamos sus Datos?<\/strong><\/p><p>En FUNERARIA ANOIA SL tratamos la informaci\u00f3n que nos facilita las personas interesadas con el Fin de Gestionar el env\u00edo de la informaci\u00f3n que nos soliciten y facilitar ofertas de productos y\/o servicios de su inter\u00e9s, tambi\u00e9n elaboraremos un \u00abperfil comercial\u00bb en base a la informaci\u00f3n facilitada. No se tomaran decisiones automatizadas en base a dicho perfil.<\/p><p><strong>\u00bfPor cu\u00e1nto tiempo conservaremos sus datos?<\/strong><\/p><p>Criterios de conservaci\u00f3n de los datos: Se conservar\u00e1n mientras exista un inter\u00e9s mutuo para mantener el fin del tratamiento y cuando ya no sea necesario para tal fin, se suprimir\u00e1n con medidas de seguridad adecuadas para garantizar la seudonimizaci\u00f3n de los datos o la destrucci\u00f3n total de los mismos.<\/p><h2 class=\"wp-block-heading\">Legitimaci\u00f3n<\/h2><p><strong>\u00bfCu\u00e1l es la legitimaci\u00f3n para el tratamiento de sus datos?<\/strong><\/p><p><strong>Consentimiento del interesado:<\/strong><\/p><p>En FUNERARIA ANOIA SL tratamos la informaci\u00f3n que nos facilita las personas interesadas con el Fin de Gestionar el env\u00edo de la informaci\u00f3n que nos soliciten y facilitar ofertas de productos y\/o servicios de su inter\u00e9s, tambi\u00e9n elaboraremos un \u00abperfil comercial\u00bb en base a la informaci\u00f3n facilitada. No se tomaran decisiones automatizadas en base a dicho perfil.<\/p><p><strong>Inter\u00e9s legitimo:<\/strong><\/p><p>La base legal para el tratamiento de sus datos es mediante el consentimiento del afectado, la ejecuci\u00f3n de contrato de servicios y ofrecer respuestas a sus consultas recibidas mediante el formulario de contacto o correo electr\u00f3nico (seg\u00fan los t\u00e9rminos y condiciones que constan en nuestra pol\u00edtica de privacidad).<br>La oferta prospectiva de productos y servicios est\u00e1 basada en el consentimiento que se solicita, sin que en ning\u00fan caso la retirada de este consentimiento condicione la ejecuci\u00f3n del contrato de servicios.<\/p><h2 class=\"wp-block-heading\">Destinatarios<\/h2><p><strong>\u00bfA qu\u00e9 destinatarios se comunicar\u00e1n sus datos?<\/strong><\/p><p>No se comunicar\u00e1n los datos a ning\u00fan destinatario, salvo obligaci\u00f3n legal.<\/p><h2 class=\"wp-block-heading\">Derechos<\/h2><p><strong>\u00bfCu\u00e1les son sus derechos cuando nos facilita sus datos?<\/strong><\/p><p><strong>Acceso: <\/strong>Cualquier persona tiene derecho a obtener confirmaci\u00f3n sobre si en FUNERARIA ANOIA SL estamos tratando datos personales que les conciernan, o no.<\/p><p><strong>Rectificaci\u00f3n: <\/strong>Las personas interesadas tienen derecho a solicitar la rectificaci\u00f3n de los datos inexactos.<\/p><p><strong>Supresi\u00f3n: <\/strong>Las personas interesadas podr\u00e1n solicitar la eliminaci\u00f3n de sus datos personales y ya no sean necesarios para los fines que fueron recogidos.<\/p><p><strong>Oposici\u00f3n: <\/strong>Los interesados pueden oponerse al tratamiento de sus datos con fines de servicios que nos soliciten de su inter\u00e9s. FUNERARIA ANOIA SL dejar\u00e1 de tratar los datos, salvo motivos leg\u00edtimos imperiosos o para ejercer o defender posibles reclamaciones.<\/p><p><strong>Limitaci\u00f3n del Tratamiento: <\/strong>En determinadas circunstancias previstas en el art\u00edculo 18 RGPD, los interesados pueden solicitar la limitaci\u00f3n del tratamiento de sus datos en los siguientes casos:<\/p><ul class=\"wp-block-list\"><li>Mientras se comprueba la impugnaci\u00f3n de la exactitud de tus datos.<\/li><li>Cuando el tratamiento es il\u00edcito. Pero se opone a ejercer el derecho a la supresi\u00f3n de sus datos.<\/li><li>Cuando en FUNERARIA ANOIA SL no necesita tratar sus datos, pero usted los necesita para el ejercicio o la defensa de reclamaciones.<\/li><li>Cuando usted se oponga al tratamiento de datos para el cumplimiento de una misi\u00f3n en inter\u00e9s publico o para la satisfacci\u00f3n de un inter\u00e9s legitimo. Mientras se verifica si los motivos leg\u00edtimos para el tratamiento prevalecen sobre los de usted.<\/li><\/ul><p><strong>Portabilidad: <\/strong>En virtud del derecho a la portabilidad, los interesados tienen derecho a obtener sus datos personales en un formato Electr\u00f3nico estructurado de uso com\u00fan y lectura mec\u00e1nica y transmitirlos a otro responsable.<\/p><p><strong>Podr\u00e1 ejercer sus derechos a: <a href=\"mailto:funerariaanoia@funerariaanoia.cat\" target=\"_blank\" rel=\"noreferrer noopener\">funerariaanoia@funerariaanoia.cat<\/a>&nbsp;<\/strong>o al Departamento Protecci\u00f3n de Datos con direcci\u00f3n postal en AVDA. VILANOVA, 44 08700, IGUALADA. y Tel\u00e9fono 900.11.14.15.<\/p><p><strong>\u00bfC\u00f3mo puede ejercer los derechos?<\/strong><\/p><p>Si usted considera que en FUNERARIA ANOIA SL no hemos tratado sus datos de acuerdo con la normativa, puede contactar con nuestro delegado de protecci\u00f3n de datos en la siguiente direcci\u00f3n de correo electr\u00f3nico: <a href=\"mailto:lopd@msanchez.cat\" target=\"_blank\" rel=\"noreferrer noopener\"><strong>lopd@msanchez.cat<\/strong><\/a><\/p><p>Para ejercitar sus derechos, se deber\u00e1 de acompa\u00f1ar a su solicitud, su DNI o documento equivalente que acredite su identidad.<br>El ejercicio de estos derechos es gratuito.<\/p><p><strong>\u00bfQu\u00e9 v\u00edas de reclamaci\u00f3n hay? <\/strong><\/p><p>Los interesados tienen derecho a presentar una reclamaci\u00f3n ante la Autoridad de Control en materia de protecci\u00f3n de datos competente, especialmente cuando no haya obtenido satisfacci\u00f3n en el ejercicio de sus derechos, y la forma de ponerse en contacto con ella es mediante la p\u00e1gina Web. <a href=\"http:\/\/www.agpd.es.\" target=\"_blank\" rel=\"noreferrer noopener\"><strong>http:\/\/www.agpd.es.<\/strong><\/a><\/p>","protected":false},"excerpt":{"rendered":"<p>Protecci\u00f3n de datos \u00bfQui\u00e9n es el Responsable del tratamiento de sus datos? Identidad: FUNERARIA ANOIA SL, CIF: B-08812158.Direcci\u00f3n Postal: AVDA. VILANOVA, 44 08700, IGUALADA.Tel\u00e9fono: 900.11.14.15Correo electr\u00f3nico: funerariaanoia@funerariaanoia.cat Finalidad \u00bfcon que finalidad tratamos sus Datos? En FUNERARIA ANOIA SL tratamos la informaci\u00f3n que nos facilita las personas interesadas con el Fin de Gestionar el env\u00edo de [&hellip;]<\/p>\n","protected":false},"author":1,"featured_media":0,"parent":0,"menu_order":0,"comment_status":"closed","ping_status":"closed","template":"page-templates\/politiques.php","meta":{"inline_featured_image":false,"footnotes":""},"class_list":["post-23141","page","type-page","status-publish","hentry"],"_links":{"self":[{"href":"https:\/\/funerariaanoia.cat\/es\/wp-json\/wp\/v2\/pages\/23141","targetHints":{"allow":["GET"]}}],"collection":[{"href":"https:\/\/funerariaanoia.cat\/es\/wp-json\/wp\/v2\/pages"}],"about":[{"href":"https:\/\/funerariaanoia.cat\/es\/wp-json\/wp\/v2\/types\/page"}],"author":[{"embeddable":true,"href":"https:\/\/funerariaanoia.cat\/es\/wp-json\/wp\/v2\/users\/1"}],"replies":[{"embeddable":true,"href":"https:\/\/funerariaanoia.cat\/es\/wp-json\/wp\/v2\/comments?post=23141"}],"version-history":[{"count":0,"href":"https:\/\/funerariaanoia.cat\/es\/wp-json\/wp\/v2\/pages\/23141\/revisions"}],"wp:attachment":[{"href":"https:\/\/funerariaanoia.cat\/es\/wp-json\/wp\/v2\/media?parent=23141"}],"curies":[{"name":"wp","href":"https:\/\/api.w.org\/{rel}","templated":true}]}}