{"id":23145,"date":"2019-09-23T07:50:03","date_gmt":"2019-09-23T07:50:03","guid":{"rendered":"https:\/\/funerariaanoia.cat\/?page_id=23145"},"modified":"2020-07-01T13:52:07","modified_gmt":"2020-07-01T13:52:07","slug":"contacto","status":"publish","type":"page","link":"https:\/\/funerariaanoia.cat\/es\/contacto\/","title":{"rendered":"Contacto"},"content":{"rendered":"<p class=\"remarked-text lined\">En Funeraria Anoia nos ocupamos de todos los tr\u00e1mites en el proceso de defunci\u00f3n.  Estamos a vuestra disposici\u00f3n.  <\/p><p class=\"remarked-text\">Servicio permanente 24 horas: <strong>900 11 14 15<\/strong>\n<br>\n<a href=\"https:\/\/wa.me\/34900111415\" target=\"_blank\" rel=\"noopener noreferrer\" class=\"color-black\">Consultadnos v\u00eda WhatsApp (900111415) de 9h a 21h haciendo clic aqu\u00ed<\/a>\n<br>\nEmail notas de condolencias: <a href=\"mailto:notescondol@funerariaanoia.cat\" target=\"_blank\" rel=\"noopener noreferrer\">notescondol@funerariaanoia.cat<\/a>\n<\/p>","protected":false},"excerpt":{"rendered":"<p>En Funeraria Anoia nos ocupamos de todos los tr\u00e1mites en el proceso de defunci\u00f3n. Estamos a vuestra disposici\u00f3n. Servicio permanente 24 horas: 900 11 14 15 Consultadnos v\u00eda WhatsApp (900111415) de 9h a 21h haciendo clic aqu\u00ed Email notas de condolencias: notescondol@funerariaanoia.cat<\/p>\n","protected":false},"author":1,"featured_media":0,"parent":0,"menu_order":0,"comment_status":"closed","ping_status":"closed","template":"page-templates\/contacte.php","meta":{"inline_featured_image":false,"footnotes":""},"class_list":["post-23145","page","type-page","status-publish","hentry"],"_links":{"self":[{"href":"https:\/\/funerariaanoia.cat\/es\/wp-json\/wp\/v2\/pages\/23145","targetHints":{"allow":["GET"]}}],"collection":[{"href":"https:\/\/funerariaanoia.cat\/es\/wp-json\/wp\/v2\/pages"}],"about":[{"href":"https:\/\/funerariaanoia.cat\/es\/wp-json\/wp\/v2\/types\/page"}],"author":[{"embeddable":true,"href":"https:\/\/funerariaanoia.cat\/es\/wp-json\/wp\/v2\/users\/1"}],"replies":[{"embeddable":true,"href":"https:\/\/funerariaanoia.cat\/es\/wp-json\/wp\/v2\/comments?post=23145"}],"version-history":[{"count":0,"href":"https:\/\/funerariaanoia.cat\/es\/wp-json\/wp\/v2\/pages\/23145\/revisions"}],"wp:attachment":[{"href":"https:\/\/funerariaanoia.cat\/es\/wp-json\/wp\/v2\/media?parent=23145"}],"curies":[{"name":"wp","href":"https:\/\/api.w.org\/{rel}","templated":true}]}}