{"id":23158,"date":"2019-09-23T07:58:27","date_gmt":"2019-09-23T07:58:27","guid":{"rendered":"https:\/\/funerariaanoia.cat\/?page_id=23158"},"modified":"2019-09-23T07:58:29","modified_gmt":"2019-09-23T07:58:29","slug":"obituario","status":"publish","type":"page","link":"https:\/\/funerariaanoia.cat\/es\/obituario\/","title":{"rendered":"Obituario"},"content":{"rendered":"<p class=\"remarked-text lined\"> Si quer\u00e9is expresar unas palabras de afecto, escribir una nota de duelo o enviar una ofrenda floral, pod\u00e9is hacerlo aqu\u00ed.  <\/p>","protected":false},"excerpt":{"rendered":"<p>Si quer\u00e9is expresar unas palabras de afecto, escribir una nota de duelo o enviar una ofrenda floral, pod\u00e9is hacerlo aqu\u00ed.<\/p>\n","protected":false},"author":1,"featured_media":0,"parent":0,"menu_order":0,"comment_status":"closed","ping_status":"closed","template":"page-templates\/obituari.php","meta":{"inline_featured_image":false,"footnotes":""},"class_list":["post-23158","page","type-page","status-publish","hentry"],"_links":{"self":[{"href":"https:\/\/funerariaanoia.cat\/es\/wp-json\/wp\/v2\/pages\/23158","targetHints":{"allow":["GET"]}}],"collection":[{"href":"https:\/\/funerariaanoia.cat\/es\/wp-json\/wp\/v2\/pages"}],"about":[{"href":"https:\/\/funerariaanoia.cat\/es\/wp-json\/wp\/v2\/types\/page"}],"author":[{"embeddable":true,"href":"https:\/\/funerariaanoia.cat\/es\/wp-json\/wp\/v2\/users\/1"}],"replies":[{"embeddable":true,"href":"https:\/\/funerariaanoia.cat\/es\/wp-json\/wp\/v2\/comments?post=23158"}],"version-history":[{"count":0,"href":"https:\/\/funerariaanoia.cat\/es\/wp-json\/wp\/v2\/pages\/23158\/revisions"}],"wp:attachment":[{"href":"https:\/\/funerariaanoia.cat\/es\/wp-json\/wp\/v2\/media?parent=23158"}],"curies":[{"name":"wp","href":"https:\/\/api.w.org\/{rel}","templated":true}]}}