{"id":23165,"date":"2019-09-23T08:01:59","date_gmt":"2019-09-23T08:01:59","guid":{"rendered":"https:\/\/funerariaanoia.cat\/?page_id=23165"},"modified":"2019-09-23T10:34:17","modified_gmt":"2019-09-23T10:34:17","slug":"asesoramiento","status":"publish","type":"page","link":"https:\/\/funerariaanoia.cat\/es\/asesoramiento\/","title":{"rendered":"En caso de defunci\u00f3n"},"content":{"rendered":"<p class=\"remarked-text lined\">Proporcionamos toda la informaci\u00f3n y damos el apoyo que se necesita en las primeras horas despu\u00e9s de la defunci\u00f3n. Asesoramos sobre los tr\u00e1mites administrativos y protocolarios, informando de todos los detalles. Estamos con las familias para ayudarlas en todo lo que necesitan. Estamos disponibles las 24 horas, todos los d\u00edas del a\u00f1o, en el tel\u00e9fono <strong>900 11 14 15<\/strong>.<\/p>\n","protected":false},"excerpt":{"rendered":"<p>Proporcionamos toda la informaci\u00f3n y damos el apoyo que se necesita en las primeras horas despu\u00e9s de la defunci\u00f3n. Asesoramos sobre los tr\u00e1mites administrativos y protocolarios, informando de todos los detalles. Estamos con las familias para ayudarlas en todo lo que necesitan. Estamos disponibles las 24 horas, todos los d\u00edas del a\u00f1o, en el tel\u00e9fono [&hellip;]<\/p>\n","protected":false},"author":1,"featured_media":0,"parent":0,"menu_order":0,"comment_status":"closed","ping_status":"closed","template":"page-templates\/assessorament.php","meta":{"inline_featured_image":false,"footnotes":""},"class_list":["post-23165","page","type-page","status-publish","hentry"],"_links":{"self":[{"href":"https:\/\/funerariaanoia.cat\/es\/wp-json\/wp\/v2\/pages\/23165","targetHints":{"allow":["GET"]}}],"collection":[{"href":"https:\/\/funerariaanoia.cat\/es\/wp-json\/wp\/v2\/pages"}],"about":[{"href":"https:\/\/funerariaanoia.cat\/es\/wp-json\/wp\/v2\/types\/page"}],"author":[{"embeddable":true,"href":"https:\/\/funerariaanoia.cat\/es\/wp-json\/wp\/v2\/users\/1"}],"replies":[{"embeddable":true,"href":"https:\/\/funerariaanoia.cat\/es\/wp-json\/wp\/v2\/comments?post=23165"}],"version-history":[{"count":0,"href":"https:\/\/funerariaanoia.cat\/es\/wp-json\/wp\/v2\/pages\/23165\/revisions"}],"wp:attachment":[{"href":"https:\/\/funerariaanoia.cat\/es\/wp-json\/wp\/v2\/media?parent=23165"}],"curies":[{"name":"wp","href":"https:\/\/api.w.org\/{rel}","templated":true}]}}