{"id":416,"date":"2017-06-13T10:59:19","date_gmt":"2017-06-13T10:59:19","guid":{"rendered":"https:\/\/funerariaanoia.cat\/producto\/nom-producte-4\/"},"modified":"2019-09-23T08:22:25","modified_gmt":"2019-09-23T08:22:25","slug":"flores-variadas-medio","status":"publish","type":"product","link":"https:\/\/funerariaanoia.cat\/es\/producto\/flores-variadas-medio\/","title":{"rendered":"Centro de flores variadas"},"content":{"rendered":"","protected":false},"excerpt":{"rendered":"<p>Composici\u00f3n floral intensa formada por cuatro variedades de flores con colores contrastados que dan luz a la ceremonia de despedida. <\/p>\n<p>Gladiolos, que apuntan al cielo; margaritas, que recuerdan la infancia; elegantes liliums y coloristas cerveras son las flores que forman el centro: una explosi\u00f3n de colores y olores que ser\u00e1n testigo de la admiraci\u00f3n que sentimos por el difunto en su \u00faltimo adi\u00f3s. <\/p>\n","protected":false},"featured_media":21089,"comment_status":"closed","ping_status":"closed","template":"","meta":{"inline_featured_image":false},"product_brand":[],"product_cat":[33],"product_tag":[],"class_list":{"0":"post-416","1":"product","2":"type-product","3":"status-publish","4":"has-post-thumbnail","6":"product_cat-flores-es","8":"first","9":"instock","10":"sold-individually","11":"taxable","12":"shipping-taxable","13":"purchasable","14":"product-type-simple"},"_links":{"self":[{"href":"https:\/\/funerariaanoia.cat\/es\/wp-json\/wp\/v2\/product\/416","targetHints":{"allow":["GET"]}}],"collection":[{"href":"https:\/\/funerariaanoia.cat\/es\/wp-json\/wp\/v2\/product"}],"about":[{"href":"https:\/\/funerariaanoia.cat\/es\/wp-json\/wp\/v2\/types\/product"}],"replies":[{"embeddable":true,"href":"https:\/\/funerariaanoia.cat\/es\/wp-json\/wp\/v2\/comments?post=416"}],"wp:featuredmedia":[{"embeddable":true,"href":"https:\/\/funerariaanoia.cat\/es\/wp-json\/wp\/v2\/media\/21089"}],"wp:attachment":[{"href":"https:\/\/funerariaanoia.cat\/es\/wp-json\/wp\/v2\/media?parent=416"}],"wp:term":[{"taxonomy":"product_brand","embeddable":true,"href":"https:\/\/funerariaanoia.cat\/es\/wp-json\/wp\/v2\/product_brand?post=416"},{"taxonomy":"product_cat","embeddable":true,"href":"https:\/\/funerariaanoia.cat\/es\/wp-json\/wp\/v2\/product_cat?post=416"},{"taxonomy":"product_tag","embeddable":true,"href":"https:\/\/funerariaanoia.cat\/es\/wp-json\/wp\/v2\/product_tag?post=416"}],"curies":[{"name":"wp","href":"https:\/\/api.w.org\/{rel}","templated":true}]}}