{"id":419,"date":"2017-06-12T09:46:35","date_gmt":"2017-06-12T09:46:35","guid":{"rendered":"https:\/\/funerariaanoia.cat\/producto\/nombre-producto\/"},"modified":"2019-09-23T08:24:42","modified_gmt":"2019-09-23T08:24:42","slug":"flores-variadas-grande","status":"publish","type":"product","link":"https:\/\/funerariaanoia.cat\/es\/producto\/flores-variadas-grande\/","title":{"rendered":"Centro de flores variadas"},"content":{"rendered":"","protected":false},"excerpt":{"rendered":"<p>Composici\u00f3n floral formada por cinco variedades de flores diferentes que expresan el v\u00ednculo con el difunto.<\/p>\n<p>Este centro tiene todos los matices: la inocencia de la margarita, la serenidad de los hisp\u00e1nicos azules, la energ\u00eda de las cerveras y la sutileza de los orientales blancos y los aliciantums. Un testigo sincero de aprecio que acompa\u00f1ar\u00e1 al difunto y a su familia en su despedida. <\/p>\n","protected":false},"featured_media":21083,"comment_status":"closed","ping_status":"closed","template":"","meta":{"inline_featured_image":false},"product_brand":[],"product_cat":[33],"product_tag":[],"class_list":{"0":"post-419","1":"product","2":"type-product","3":"status-publish","4":"has-post-thumbnail","6":"product_cat-flores-es","8":"first","9":"instock","10":"sold-individually","11":"taxable","12":"shipping-taxable","13":"purchasable","14":"product-type-simple"},"_links":{"self":[{"href":"https:\/\/funerariaanoia.cat\/es\/wp-json\/wp\/v2\/product\/419","targetHints":{"allow":["GET"]}}],"collection":[{"href":"https:\/\/funerariaanoia.cat\/es\/wp-json\/wp\/v2\/product"}],"about":[{"href":"https:\/\/funerariaanoia.cat\/es\/wp-json\/wp\/v2\/types\/product"}],"replies":[{"embeddable":true,"href":"https:\/\/funerariaanoia.cat\/es\/wp-json\/wp\/v2\/comments?post=419"}],"wp:featuredmedia":[{"embeddable":true,"href":"https:\/\/funerariaanoia.cat\/es\/wp-json\/wp\/v2\/media\/21083"}],"wp:attachment":[{"href":"https:\/\/funerariaanoia.cat\/es\/wp-json\/wp\/v2\/media?parent=419"}],"wp:term":[{"taxonomy":"product_brand","embeddable":true,"href":"https:\/\/funerariaanoia.cat\/es\/wp-json\/wp\/v2\/product_brand?post=419"},{"taxonomy":"product_cat","embeddable":true,"href":"https:\/\/funerariaanoia.cat\/es\/wp-json\/wp\/v2\/product_cat?post=419"},{"taxonomy":"product_tag","embeddable":true,"href":"https:\/\/funerariaanoia.cat\/es\/wp-json\/wp\/v2\/product_tag?post=419"}],"curies":[{"name":"wp","href":"https:\/\/api.w.org\/{rel}","templated":true}]}}